{"id":24,"date":"2024-12-03T10:48:19","date_gmt":"2024-12-03T09:48:19","guid":{"rendered":"https:\/\/kinderladen-seckenheim.de\/wpneu\/?page_id=24"},"modified":"2024-12-03T10:51:57","modified_gmt":"2024-12-03T09:51:57","slug":"ueber-uns","status":"publish","type":"page","link":"https:\/\/kinderladen-seckenheim.de\/wpneu\/ueber-uns\/","title":{"rendered":"\u00fcber uns"},"content":{"rendered":"\n<p>Der Kinderladen Seckenheim e.V. hat seit Oktober 2009 in der Seckenheimer Hauptstra\u00dfe 93 sein neues Zuhause.<\/p>\n\n\n\n<p>In dem aufw\u00e4ndig und stilvoll renovierten alten Bauernanwesen bewohnen die Kindergartenkinder das Erdgeschoss und die Krippenkinder den ersten Stock. Des Weiteren geh\u00f6ren ein gro\u00dfer Hof mit Spielger\u00e4ten und Stein-H\u00e4uschen (ehemalige Stallungen) sowie ein Garten mit ger\u00e4umigem Sandkasten zum Kinderladen-Geb\u00e4ude.<\/p>\n\n\n\n<p><strong>Unser Tagesablauf<\/strong><\/p>\n\n\n\n<p>Der Tag im Kinderladen wird durch wiederkehrende Rituale und Abl\u00e4ufe gemeinsam begonnen und gemeinsam beendet. Bei fast jedem Wetter verbringen die Kinder auch Zeit im Freien \u2013 entweder im eigenen Hof oder Garten, oder auf dem Spielplatz beim Seckenheimer Schloss.<\/p>\n\n\n\n<p>Jeden Freitag ist \u201eDrau\u00dfentag\u201c, d.h. die Kindergartenkinder treffen sich im Wald und verbringen den gesamten Tag dort; die Krippenkinder verbringen die Fr\u00fchst\u00fccks- und Spielzeit am Neckar oder auf einem Spielplatz, kehren jedoch zum Mittagsschlaf in den Kinderladen zur\u00fcck.<\/p>\n\n\n\n<p>Von Montag bis Donnerstag beginnen die Kindergartenkinder ihren Tag mit einem gemeinsamen Fr\u00fchst\u00fcck um 9.00 Uhr. Im Anschluss findet der Morgenkreis statt.<\/p>\n\n\n\n<p>Nach Freiem Spiel, Bastelaktionen und Aktivit\u00e4ten im Freien gibt es gegen 12.30 Uhr das von den Eltern frisch zubereitete Essen \u2013 wobei einige Kinder immer gerne auch bei der Zubereitung mithelfen. Nach dem Mittagessen spielen die Kinder bis zur Abholzeit im Garten oder Innenhof.<\/p>\n\n\n\n<p><br><strong>Aktionen im Jahresrhythmus<\/strong><\/p>\n\n\n\n<p>Dem Ablauf im Kalenderjahr kommt eine besondere Bedeutung zu: Es wird durch das Arbeiten mit verschiedenen Naturmaterialien (Kastanien sammeln\/basteln, Kr\u00e4uter\/Blumen pflanzen \u2026), Ausfl\u00fcge, Aktionen (wie Apfelsaft-Pressen) und gemeinsame Feste auf den Wechsel der Jahreszeiten aufmerksam gemacht. Neben Festen wie Fasching, Ostern, St. Martin und Weihnachten werden so auch der Fr\u00fchlingsbeginn und Erntedank gefeiert \u2013 zum Teil nur mit den Kindern, oder Eltern und Kinder gemeinsam. F\u00fcr die Krippenkinder werden die Feste jeweils altersgerecht angepasst.<\/p>\n\n\n\n<p>Auch auf der Seckenheimer Kerwe sind wir mit einem Stand pr\u00e4sent \u2013 mit Verkauf von Suppe, Waffeln, Getr\u00e4nken und einem B\u00fccherflohmarkt.<\/p>\n","protected":false},"excerpt":{"rendered":"<p>Der Kinderladen Seckenheim e.V. hat seit Oktober 2009 in der Seckenheimer Hauptstra\u00dfe 93 sein neues Zuhause. In dem aufw\u00e4ndig und stilvoll renovierten alten Bauernanwesen bewohnen die Kindergartenkinder das Erdgeschoss und die Krippenkinder den ersten Stock. Des Weiteren geh\u00f6ren ein gro\u00dfer Hof mit Spielger\u00e4ten und Stein-H\u00e4uschen (ehemalige Stallungen) sowie ein Garten mit ger\u00e4umigem Sandkasten zum Kinderladen-Geb\u00e4ude. [&hellip;]<\/p>\n","protected":false},"author":1,"featured_media":0,"parent":0,"menu_order":0,"comment_status":"closed","ping_status":"closed","template":"","meta":{"footnotes":""},"class_list":["post-24","page","type-page","status-publish","hentry"],"_links":{"self":[{"href":"https:\/\/kinderladen-seckenheim.de\/wpneu\/wp-json\/wp\/v2\/pages\/24","targetHints":{"allow":["GET"]}}],"collection":[{"href":"https:\/\/kinderladen-seckenheim.de\/wpneu\/wp-json\/wp\/v2\/pages"}],"about":[{"href":"https:\/\/kinderladen-seckenheim.de\/wpneu\/wp-json\/wp\/v2\/types\/page"}],"author":[{"embeddable":true,"href":"https:\/\/kinderladen-seckenheim.de\/wpneu\/wp-json\/wp\/v2\/users\/1"}],"replies":[{"embeddable":true,"href":"https:\/\/kinderladen-seckenheim.de\/wpneu\/wp-json\/wp\/v2\/comments?post=24"}],"version-history":[{"count":4,"href":"https:\/\/kinderladen-seckenheim.de\/wpneu\/wp-json\/wp\/v2\/pages\/24\/revisions"}],"predecessor-version":[{"id":31,"href":"https:\/\/kinderladen-seckenheim.de\/wpneu\/wp-json\/wp\/v2\/pages\/24\/revisions\/31"}],"wp:attachment":[{"href":"https:\/\/kinderladen-seckenheim.de\/wpneu\/wp-json\/wp\/v2\/media?parent=24"}],"curies":[{"name":"wp","href":"https:\/\/api.w.org\/{rel}","templated":true}]}}